{"id":546,"date":"2024-09-20T20:48:49","date_gmt":"2024-09-20T20:48:49","guid":{"rendered":"https:\/\/espwanetwork.org\/?page_id=546"},"modified":"2025-01-14T07:31:18","modified_gmt":"2025-01-14T07:31:18","slug":"hcfn-history","status":"publish","type":"page","link":"https:\/\/espwanetwork.org\/fr\/hcfn-history\/","title":{"rendered":"HCFN History"},"content":{"rendered":"<div data-elementor-type=\"wp-page\" data-elementor-id=\"546\" class=\"elementor elementor-546\" data-elementor-post-type=\"page\">\n\t\t\t\t\t\t<section class=\"elementor-section elementor-top-section elementor-element elementor-element-106b210 elementor-section-height-min-height elementor-section-boxed elementor-section-height-default elementor-section-items-middle\" data-id=\"106b210\" data-element_type=\"section\" data-e-type=\"section\" data-settings=\"{&quot;background_background&quot;:&quot;classic&quot;}\">\n\t\t\t\t\t\t\t<div class=\"elementor-background-overlay\"><\/div>\n\t\t\t\t\t\t\t<div class=\"elementor-container elementor-column-gap-no\">\n\t\t\t\t\t<div class=\"elementor-column elementor-col-100 elementor-top-column elementor-element elementor-element-7745c31\" data-id=\"7745c31\" data-element_type=\"column\" data-e-type=\"column\" data-settings=\"{&quot;background_background&quot;:&quot;classic&quot;}\">\n\t\t\t<div class=\"elementor-widget-wrap elementor-element-populated\">\n\t\t\t\t\t\t<div class=\"elementor-element elementor-element-be114db elementor-widget elementor-widget-heading\" data-id=\"be114db\" data-element_type=\"widget\" data-e-type=\"widget\" data-widget_type=\"heading.default\">\n\t\t\t\t<div class=\"elementor-widget-container\">\n\t\t\t\t\t<h1 class=\"elementor-heading-title elementor-size-default\">Our Story<\/h1>\t\t\t\t<\/div>\n\t\t\t\t<\/div>\n\t\t\t\t\t<\/div>\n\t\t<\/div>\n\t\t\t\t\t<\/div>\n\t\t<\/section>\n\t\t\t\t<section class=\"elementor-section elementor-top-section elementor-element elementor-element-d74e9b3 elementor-section-boxed elementor-section-height-default elementor-section-height-default\" data-id=\"d74e9b3\" data-element_type=\"section\" data-e-type=\"section\" data-settings=\"{&quot;background_background&quot;:&quot;classic&quot;}\">\n\t\t\t\t\t\t<div class=\"elementor-container elementor-column-gap-no\">\n\t\t\t\t\t<div class=\"elementor-column elementor-col-100 elementor-top-column elementor-element elementor-element-9ecdd41\" data-id=\"9ecdd41\" data-element_type=\"column\" data-e-type=\"column\">\n\t\t\t<div class=\"elementor-widget-wrap elementor-element-populated\">\n\t\t\t\t\t\t<div class=\"elementor-element elementor-element-2929e6c elementor-widget elementor-widget-heading\" data-id=\"2929e6c\" data-element_type=\"widget\" data-e-type=\"widget\" data-widget_type=\"heading.default\">\n\t\t\t\t<div class=\"elementor-widget-container\">\n\t\t\t\t\t<h5 class=\"elementor-heading-title elementor-size-default\">HCFN History<\/h5>\t\t\t\t<\/div>\n\t\t\t\t<\/div>\n\t\t\t\t<div class=\"elementor-element elementor-element-4bfc87f elementor-widget-tablet__width-initial elementor-widget elementor-widget-heading\" data-id=\"4bfc87f\" data-element_type=\"widget\" data-e-type=\"widget\" data-widget_type=\"heading.default\">\n\t\t\t\t<div class=\"elementor-widget-container\">\n\t\t\t\t\t<h3 class=\"elementor-heading-title elementor-size-default\">A Journey of Resilience and Impact<\/h3>\t\t\t\t<\/div>\n\t\t\t\t<\/div>\n\t\t\t\t<div class=\"elementor-element elementor-element-40b6e70 elementor-widget__width-initial elementor-widget-tablet__width-inherit elementor-widget elementor-widget-text-editor\" data-id=\"40b6e70\" data-element_type=\"widget\" data-e-type=\"widget\" data-widget_type=\"text-editor.default\">\n\t\t\t\t<div class=\"elementor-widget-container\">\n\t\t\t\t\t\t\t\t\t<p>The Haiti Community Foundation Network (HCFN), launched in January 2010 after the earthquake, is the first of its kind Haiti-based, Haitian-founded and led philanthropic organization. We are a US 501(c) 3 and Haiti registered entity with leadership spanning both countries. See the timeline of story below:<\/p>\t\t\t\t\t\t\t\t<\/div>\n\t\t\t\t<\/div>\n\t\t\t\t<div class=\"elementor-element elementor-element-766e918 elementor-widget elementor-widget-timeline-widget-addon\" data-id=\"766e918\" data-element_type=\"widget\" data-e-type=\"widget\" data-widget_type=\"timeline-widget-addon.default\">\n\t\t\t\t<div class=\"elementor-widget-container\">\n\t\t\t\t\t<!-- ========= Timeline Widget Addon For Elementor 1.6.24 ========= -->\n<div id=\"twae-wrapper-766e918\" class=\"twae-vertical twae-wrapper  twae-both-sided\">   \n    <div class=\"twae-start\"><\/div>    \n    <div id=\"twea-timeline-766e918\" class=\"twae-timeline\" ><!-- Story Year Label --><div class=\"twae-year twae-year-container story-year-48dc53e\">\n\t\t\t\t\t<div class=\"twae-year-label twae-year-text\">2010<\/div>\n\t\t\t\t<\/div><!-- Start of Story Repeater Content --><div id=\"story-48dc53e\" class=\"twae-story twae-repeater-item twae-story-right twae-story-no-icon\"><!-- Story Icon Dot --><div class=\"twae-icondot\"><\/div><!-- Story Arrow --><div class=\"twae-arrow\"><\/div><!-- Start of Story Content --><div class=\"twae-content\"><!-- Story Description --><div class=\"twae-description\"><p><em>Founded by Marie-Rose Romain Murphy- January\u00a0 2010<\/em><\/p><\/div><\/div><\/div><!-- Start of Story Repeater Content --><div id=\"story-bf15ae0\" class=\"twae-story twae-repeater-item twae-story-left twae-story-no-icon\"><!-- Story Icon Dot --><div class=\"twae-icondot\"><\/div><!-- Story Arrow --><div class=\"twae-arrow\"><\/div><!-- Start of Story Content --><div class=\"twae-content\"><!-- Story Description --><div class=\"twae-description\"><p>After the 2010 Haiti Earthquake, Economic Stimulus Project for Work and Action (ESPWA, Inc.), a transnational Haitian-led organization , launched Fondation Communautaire Haitienne-Espwa also known as the Haiti Community Foundation,with local, regional, national and international allies and stakeholders (\"espwa\" means hope in Haitian Creole). A few years later, ESPWA, Inc. and the Haiti Community Foundation (now a Haiti-based national network of regional funds) came together as the Haiti Community Foundation Network (HCFN) a community-led collaborative partnership dedicated to the transformation of their communities and committed to Haiti's ecosystems' development, community growth and nation building.<\/p><\/div><\/div><\/div><!-- Story Year Label --><div class=\"twae-year twae-year-container story-year-ed8a3b4\">\n\t\t\t\t\t<div class=\"twae-year-label twae-year-text\">2011<\/div>\n\t\t\t\t<\/div><!-- Start of Story Repeater Content --><div id=\"story-ed8a3b4\" class=\"twae-story twae-repeater-item twae-story-right twae-story-no-icon\"><!-- Story Icon Dot --><div class=\"twae-icondot\"><\/div><!-- Story Arrow --><div class=\"twae-arrow\"><\/div><!-- Start of Story Content --><div class=\"twae-content\"><!-- Story Description --><div class=\"twae-description\"><p><em>In 2011, Marie-Rose connected with Jenny Hodgson, the Executive Director of the Global Fund for Community Foundation. ESPWA,the Global Fund for Community Foundation, the Kellogg Foundation and the Puerto Rico Community Foundation launched the Haiti Community Foundation Initiative (HCFI) to help set up the Haiti Community foundation<\/em><\/p><\/div><\/div><\/div><!-- Start of Story Repeater Content --><div id=\"story-a32556b\" class=\"twae-story twae-repeater-item twae-story-left twae-story-no-icon\"><!-- Story Icon Dot --><div class=\"twae-icondot\"><\/div><!-- Story Arrow --><div class=\"twae-arrow\"><\/div><!-- Start of Story Content --><div class=\"twae-content\"><!-- Story Description --><div class=\"twae-description\"><p><em style=\"font-size: 16px\">In 2011, HCFI organized a forum in Kaliko in Haiti to consult a diverse group of local community leaders and international stakeholders to discuss whether or not Haiti needed a community foundation. The unanimous answer was yes and ESPWA was nominated to be the lead organization of HFCI. A Support Committee of Haitian activists was formed to guide HCFI<\/em><\/p><\/div><\/div><\/div><!-- Story Year Label --><div class=\"twae-year twae-year-container story-year-3697b04\">\n\t\t\t\t\t<div class=\"twae-year-label twae-year-text\">2012<\/div>\n\t\t\t\t<\/div><!-- Start of Story Repeater Content --><div id=\"story-3697b04\" class=\"twae-story twae-repeater-item twae-story-right twae-story-no-icon\"><!-- Story Icon Dot --><div class=\"twae-icondot\"><\/div><!-- Story Arrow --><div class=\"twae-arrow\"><\/div><!-- Start of Story Content --><div class=\"twae-content\"><!-- Story Description --><div class=\"twae-description\"><p><em>In 2012, the Local Leadership Committee voted to select the Grand\u2019Anse as the pilot region. In October of 2012, ESPWA organized a two-day forum in Jeremie where Regional Leaders from various sectors discussed the status of the region and voted to welcome the Haiti Community Foundation Initiative and undergo a regional planning process. A regional committee of regional leaders formed to lead the bottom up regional planning process.<\/em><\/p><\/div><\/div><\/div><!-- Start of Story Repeater Content --><div id=\"story-8f428cd\" class=\"twae-story twae-repeater-item twae-story-left twae-story-no-icon\"><!-- Story Icon Dot --><div class=\"twae-icondot\"><\/div><!-- Story Arrow --><div class=\"twae-arrow\"><\/div><!-- Start of Story Content --><div class=\"twae-content\"><!-- Story Description --><div class=\"twae-description\"><p><em>For two and a half years, the regional committee of the Grand\u2019Anse worked with ESPWA on an extensive planning process that brought hundreds of community leaders from all sectors to evaluate their community\u2019s needs, challenges, strengths and establish a consensus on their key priorities.<\/em><\/p><\/div><\/div><\/div><!-- Story Year Label --><div class=\"twae-year twae-year-container story-year-6b8c311\">\n\t\t\t\t\t<div class=\"twae-year-label twae-year-text\">2014<\/div>\n\t\t\t\t<\/div><!-- Start of Story Repeater Content --><div id=\"story-6b8c311\" class=\"twae-story twae-repeater-item twae-story-right twae-story-no-icon\"><!-- Story Icon Dot --><div class=\"twae-icondot\"><\/div><!-- Story Arrow --><div class=\"twae-arrow\"><\/div><!-- Start of Story Content --><div class=\"twae-content\"><!-- Story Description --><div class=\"twae-description\"><p><em>In 2014, a regional meeting bringing together about 70 leaders from the various communes including nine of the 12 mayors to discuss the initiative\u2019s next steps and agree on regional priorities. The Community Leaders Network decided to call the Foundation Fondation Communautaire Haitienne-Espwa. <\/em><\/p><\/div><\/div><\/div><!-- Story Year Label --><div class=\"twae-year twae-year-container story-year-7445b76\">\n\t\t\t\t\t<div class=\"twae-year-label twae-year-text\">2016<\/div>\n\t\t\t\t<\/div><!-- Start of Story Repeater Content --><div id=\"story-7445b76\" class=\"twae-story twae-repeater-item twae-story-left twae-story-no-icon\"><!-- Story Icon Dot --><div class=\"twae-icondot\"><\/div><!-- Story Arrow --><div class=\"twae-arrow\"><\/div><!-- Start of Story Content --><div class=\"twae-content\"><!-- Story Description --><div class=\"twae-description\"><p><em>In 2016, Hurricane Matthew devastated the Grand\u2019Anse and FCH-Espwa\u2019s Community Leaders Network, now counting about 600 leaders mobilized to work on relief efforts of the most vulnerable communities. After consulting 216 leaders and establishing their priorities, FCH-Espwa developed Leve Kanpe, a project to address the communities\u2019 priorities as they sought to get back on their feet and regain what they had lost.<\/em><\/p><\/div><\/div><\/div><!-- Story Year Label --><div class=\"twae-year twae-year-container story-year-7431891\">\n\t\t\t\t\t<div class=\"twae-year-label twae-year-text\">2017<\/div>\n\t\t\t\t<\/div><!-- Start of Story Repeater Content --><div id=\"story-7431891\" class=\"twae-story twae-repeater-item twae-story-right twae-story-no-icon\"><!-- Story Icon Dot --><div class=\"twae-icondot\"><\/div><!-- Story Arrow --><div class=\"twae-arrow\"><\/div><!-- Start of Story Content --><div class=\"twae-content\"><!-- Story Description --><div class=\"twae-description\"><p>In 2017-2018, more than 20,000 farmers were able to obtain quality adapted seeds in 47 municipal sections to revive agriculture in the Grand\u2019Anse department after Hurricane Matthew.<\/p><\/div><\/div><\/div><!-- Story Year Label --><div class=\"twae-year twae-year-container story-year-e75eed1\">\n\t\t\t\t\t<div class=\"twae-year-label twae-year-text\">2021<\/div>\n\t\t\t\t<\/div><!-- Start of Story Repeater Content --><div id=\"story-e75eed1\" class=\"twae-story twae-repeater-item twae-story-left twae-story-no-icon\"><!-- Story Icon Dot --><div class=\"twae-icondot\"><\/div><!-- Story Arrow --><div class=\"twae-arrow\"><\/div><!-- Start of Story Content --><div class=\"twae-content\"><!-- Story Description --><div class=\"twae-description\"><p>In August 2021, an earthquake devastated the southern region of Haiti, where more than 85% of structures were severely affected in certain municipalities of Grand'Anse. Thanks to rapid mobilization of resources, 37,000 gallons of treated water were distributed to Corail and Pestel; nearly 1,000 families had received food support; Medicines\/sanitary materials were distributed to approximately ten (10) hospitals and health centers allowing them to ensure adequate follow-up for the victims of this earthquake.<\/p><\/div><\/div><\/div><!-- Story Year Label --><div class=\"twae-year twae-year-container story-year-96da901\">\n\t\t\t\t\t<div class=\"twae-year-label twae-year-text\">2022<\/div>\n\t\t\t\t<\/div><!-- Start of Story Repeater Content --><div id=\"story-96da901\" class=\"twae-story twae-repeater-item twae-story-right twae-story-no-icon\"><!-- Story Icon Dot --><div class=\"twae-icondot\"><\/div><!-- Story Arrow --><div class=\"twae-arrow\"><\/div><!-- Start of Story Content --><div class=\"twae-content\"><!-- Story Description --><div class=\"twae-description\"><p>2022, reconstruction and equipment of the Latiboli\u00e8re health center, 4th municipal section of J\u00e9r\u00e9mie.<\/p><\/div><\/div><\/div><!-- Story Year Label --><div class=\"twae-year twae-year-container story-year-d6c658e\">\n\t\t\t\t\t<div class=\"twae-year-label twae-year-text\">2022<\/div>\n\t\t\t\t<\/div><!-- Start of Story Repeater Content --><div id=\"story-d6c658e\" class=\"twae-story twae-repeater-item twae-story-left twae-story-no-icon\"><!-- Story Icon Dot --><div class=\"twae-icondot\"><\/div><!-- Story Arrow --><div class=\"twae-arrow\"><\/div><!-- Start of Story Content --><div class=\"twae-content\"><!-- Story Description --><div class=\"twae-description\"><p>2022-2023, Construction of two large community cisterns in Pestel (more than 20,000 gallons each), repair of the large cistern serving the town of Pestel with a capacity of more than 260,000 gallons, and the repair of 5 family cisterns in different sections of the commune of Pestel.<\/p><\/div><\/div><\/div><!-- Story Year Label --><div class=\"twae-year twae-year-container story-year-6d80a42\">\n\t\t\t\t\t<div class=\"twae-year-label twae-year-text\">2024<\/div>\n\t\t\t\t<\/div><!-- Start of Story Repeater Content --><div id=\"story-6d80a42\" class=\"twae-story twae-repeater-item twae-story-right twae-story-no-icon\"><!-- Story Icon Dot --><div class=\"twae-icondot\"><\/div><!-- Story Arrow --><div class=\"twae-arrow\"><\/div><!-- Start of Story Content --><div class=\"twae-content\"><!-- Story Description --><div class=\"twae-description\"><p>From 2021 to 2024, more than 43 organized structures (CBO, universities, hospitals\/health centers) have been strengthened (training and\/or subsidies) thanks to a solid selection and support process established by HCF-Espwa. These structures, led by women and men rooted in their communities, worked in various areas: savings and micro-credit, agriculture, livestock, post-harvest processing, strengthening of small businesses, education, health, research, etc. More than 12,000 families across the Southern Peninsula are already directly affected by this program.<\/p><\/div><\/div><\/div><\/div>\n    <div class=\"twae-end\"><\/div>\n    <\/div><style type=\"text\/css\">@media (max-width: 1024px){ .twae-wrapper{--tw-ybx-size: 80px !important;}}@media (max-width: 767px){ .twae-wrapper{--tw-ybx-size: 80px !important}}<\/style>\t\t\t\t<\/div>\n\t\t\t\t<\/div>\n\t\t\t\t\t<\/div>\n\t\t<\/div>\n\t\t\t\t\t<\/div>\n\t\t<\/section>\n\t\t\t\t<section class=\"elementor-section elementor-top-section elementor-element elementor-element-6eaafc2 elementor-section-content-middle elementor-section-boxed elementor-section-height-default elementor-section-height-default\" data-id=\"6eaafc2\" data-element_type=\"section\" data-e-type=\"section\" data-settings=\"{&quot;background_background&quot;:&quot;classic&quot;}\">\n\t\t\t\t\t\t\t<div class=\"elementor-background-overlay\"><\/div>\n\t\t\t\t\t\t\t<div class=\"elementor-container elementor-column-gap-no\">\n\t\t\t\t\t<div class=\"elementor-column elementor-col-33 elementor-top-column elementor-element elementor-element-7492ae6\" data-id=\"7492ae6\" data-element_type=\"column\" data-e-type=\"column\">\n\t\t\t<div class=\"elementor-widget-wrap elementor-element-populated\">\n\t\t\t\t\t\t<div class=\"elementor-element elementor-element-f7717bd elementor-widget elementor-widget-heading\" data-id=\"f7717bd\" data-element_type=\"widget\" data-e-type=\"widget\" data-widget_type=\"heading.default\">\n\t\t\t\t<div class=\"elementor-widget-container\">\n\t\t\t\t\t<h4 class=\"elementor-heading-title elementor-size-default\">Join us!<\/h4>\t\t\t\t<\/div>\n\t\t\t\t<\/div>\n\t\t\t\t<div class=\"elementor-element elementor-element-2d0a915 elementor-widget elementor-widget-text-editor\" data-id=\"2d0a915\" data-element_type=\"widget\" data-e-type=\"widget\" data-widget_type=\"text-editor.default\">\n\t\t\t\t<div class=\"elementor-widget-container\">\n\t\t\t\t\t\t\t\t\t<p>Your support can create ripples of change that transform lives. Together with communities, we can build a better, brighter future for everyone.<\/p>\t\t\t\t\t\t\t\t<\/div>\n\t\t\t\t<\/div>\n\t\t\t\t\t<\/div>\n\t\t<\/div>\n\t\t\t\t<div class=\"elementor-column elementor-col-33 elementor-top-column elementor-element elementor-element-f42fd85\" data-id=\"f42fd85\" data-element_type=\"column\" data-e-type=\"column\">\n\t\t\t<div class=\"elementor-widget-wrap elementor-element-populated\">\n\t\t\t\t\t\t<div class=\"elementor-element elementor-element-337e2fd elementor-widget elementor-widget-image\" data-id=\"337e2fd\" data-element_type=\"widget\" data-e-type=\"widget\" data-widget_type=\"image.default\">\n\t\t\t\t<div class=\"elementor-widget-container\">\n\t\t\t\t\t\t\t\t\t\t\t\t\t\t\t<img decoding=\"async\" width=\"300\" height=\"154\" src=\"https:\/\/espwanetwork.org\/wp-content\/uploads\/2024\/09\/ESPWA-Logo-Photo.jpg\" class=\"attachment-large size-large wp-image-1624\" alt=\"\" srcset=\"https:\/\/espwanetwork.org\/wp-content\/uploads\/2024\/09\/ESPWA-Logo-Photo.jpg 300w, https:\/\/espwanetwork.org\/wp-content\/uploads\/2024\/09\/ESPWA-Logo-Photo-18x9.jpg 18w\" sizes=\"(max-width: 300px) 100vw, 300px\" \/>\t\t\t\t\t\t\t\t\t\t\t\t\t\t\t<\/div>\n\t\t\t\t<\/div>\n\t\t\t\t\t<\/div>\n\t\t<\/div>\n\t\t\t\t<div class=\"elementor-column elementor-col-33 elementor-top-column elementor-element elementor-element-66e78f4\" data-id=\"66e78f4\" data-element_type=\"column\" data-e-type=\"column\">\n\t\t\t<div class=\"elementor-widget-wrap elementor-element-populated\">\n\t\t\t\t\t\t<div class=\"elementor-element elementor-element-5eb97a1 elementor-align-left elementor-mobile-align-center elementor-widget elementor-widget-button\" data-id=\"5eb97a1\" data-element_type=\"widget\" data-e-type=\"widget\" data-widget_type=\"button.default\">\n\t\t\t\t<div class=\"elementor-widget-container\">\n\t\t\t\t\t\t\t\t\t<div class=\"elementor-button-wrapper\">\n\t\t\t\t\t<a class=\"elementor-button elementor-button-link elementor-size-sm\" href=\"https:\/\/espwanetwork.org\/fr\/donation\/\">\n\t\t\t\t\t\t<span class=\"elementor-button-content-wrapper\">\n\t\t\t\t\t\t\t\t\t<span class=\"elementor-button-text\">Donate Now<\/span>\n\t\t\t\t\t<\/span>\n\t\t\t\t\t<\/a>\n\t\t\t\t<\/div>\n\t\t\t\t\t\t\t\t<\/div>\n\t\t\t\t<\/div>\n\t\t\t\t\t<\/div>\n\t\t<\/div>\n\t\t\t\t\t<\/div>\n\t\t<\/section>\n\t\t\t\t<\/div>","protected":false},"excerpt":{"rendered":"<p>Our Story HCFN History A Journey of Resilience and Impact The Haiti Community Foundation Network (HCFN), launched in January 2010 [&hellip;]<\/p>\n","protected":false},"author":2,"featured_media":0,"parent":0,"menu_order":0,"comment_status":"closed","ping_status":"closed","template":"","meta":{"give_campaign_id":0,"nf_dc_page":"","site-sidebar-layout":"no-sidebar","site-content-layout":"","ast-site-content-layout":"full-width-container","site-content-style":"default","site-sidebar-style":"default","ast-global-header-display":"","ast-banner-title-visibility":"","ast-main-header-display":"","ast-hfb-above-header-display":"","ast-hfb-below-header-display":"","ast-hfb-mobile-header-display":"","site-post-title":"disabled","ast-breadcrumbs-content":"","ast-featured-img":"disabled","footer-sml-layout":"","ast-disable-related-posts":"","theme-transparent-header-meta":"","adv-header-id-meta":"","stick-header-meta":"","header-above-stick-meta":"","header-main-stick-meta":"","header-below-stick-meta":"","astra-migrate-meta-layouts":"default","ast-page-background-enabled":"default","ast-page-background-meta":{"desktop":{"background-color":"var(--ast-global-color-4)","background-image":"","background-repeat":"repeat","background-position":"center center","background-size":"auto","background-attachment":"scroll","background-type":"","background-media":"","overlay-type":"","overlay-color":"","overlay-opacity":"","overlay-gradient":""},"tablet":{"background-color":"","background-image":"","background-repeat":"repeat","background-position":"center center","background-size":"auto","background-attachment":"scroll","background-type":"","background-media":"","overlay-type":"","overlay-color":"","overlay-opacity":"","overlay-gradient":""},"mobile":{"background-color":"","background-image":"","background-repeat":"repeat","background-position":"center center","background-size":"auto","background-attachment":"scroll","background-type":"","background-media":"","overlay-type":"","overlay-color":"","overlay-opacity":"","overlay-gradient":""}},"ast-content-background-meta":{"desktop":{"background-color":"var(--ast-global-color-5)","background-image":"","background-repeat":"repeat","background-position":"center center","background-size":"auto","background-attachment":"scroll","background-type":"","background-media":"","overlay-type":"","overlay-color":"","overlay-opacity":"","overlay-gradient":""},"tablet":{"background-color":"var(--ast-global-color-5)","background-image":"","background-repeat":"repeat","background-position":"center center","background-size":"auto","background-attachment":"scroll","background-type":"","background-media":"","overlay-type":"","overlay-color":"","overlay-opacity":"","overlay-gradient":""},"mobile":{"background-color":"var(--ast-global-color-5)","background-image":"","background-repeat":"repeat","background-position":"center center","background-size":"auto","background-attachment":"scroll","background-type":"","background-media":"","overlay-type":"","overlay-color":"","overlay-opacity":"","overlay-gradient":""}},"footnotes":""},"class_list":["post-546","page","type-page","status-publish","hentry"],"campaignId":"","_links":{"self":[{"href":"https:\/\/espwanetwork.org\/fr\/wp-json\/wp\/v2\/pages\/546","targetHints":{"allow":["GET"]}}],"collection":[{"href":"https:\/\/espwanetwork.org\/fr\/wp-json\/wp\/v2\/pages"}],"about":[{"href":"https:\/\/espwanetwork.org\/fr\/wp-json\/wp\/v2\/types\/page"}],"author":[{"embeddable":true,"href":"https:\/\/espwanetwork.org\/fr\/wp-json\/wp\/v2\/users\/2"}],"replies":[{"embeddable":true,"href":"https:\/\/espwanetwork.org\/fr\/wp-json\/wp\/v2\/comments?post=546"}],"version-history":[{"count":20,"href":"https:\/\/espwanetwork.org\/fr\/wp-json\/wp\/v2\/pages\/546\/revisions"}],"predecessor-version":[{"id":2355,"href":"https:\/\/espwanetwork.org\/fr\/wp-json\/wp\/v2\/pages\/546\/revisions\/2355"}],"wp:attachment":[{"href":"https:\/\/espwanetwork.org\/fr\/wp-json\/wp\/v2\/media?parent=546"}],"curies":[{"name":"wp","href":"https:\/\/api.w.org\/{rel}","templated":true}]}}